{"id":2182,"date":"2022-07-07T13:16:06","date_gmt":"2022-07-07T13:16:06","guid":{"rendered":"https:\/\/fridatex.com\/?page_id=2182"},"modified":"2022-09-28T06:22:28","modified_gmt":"2022-09-28T06:22:28","slug":"factory","status":"publish","type":"page","link":"https:\/\/fridatex.com\/de\/fabrik\/","title":{"rendered":"Fabrik"},"content":{"rendered":"<div class=\"fusion-fullwidth fullwidth-box fusion-builder-row-1 fusion-flex-container nonhundred-percent-fullwidth non-hundred-percent-height-scrolling\" style=\"--awb-border-radius-top-left:0px;--awb-border-radius-top-right:0px;--awb-border-radius-bottom-right:0px;--awb-border-radius-bottom-left:0px;--awb-padding-top:100px;--awb-padding-bottom:220px;--awb-background-color:rgba(7,58,124,0.78);--awb-flex-wrap:wrap;\" ><div class=\"fusion-builder-row fusion-row fusion-flex-align-items-flex-start fusion-flex-justify-content-center fusion-flex-content-wrap\" style=\"max-width:1435.2px;margin-left: calc(-4% \/ 2 );margin-right: calc(-4% \/ 2 );\"><div class=\"fusion-layout-column fusion_builder_column fusion-builder-column-0 fusion_builder_column_3_5 3_5 fusion-flex-column fusion-column-inner-bg-wrapper\" style=\"--awb-inner-bg-size:cover;--awb-width-large:60%;--awb-margin-top-large:0px;--awb-spacing-right-large:3.2%;--awb-margin-bottom-large:-20px;--awb-spacing-left-large:3.2%;--awb-width-medium:50%;--awb-order-medium:0;--awb-spacing-right-medium:3.84%;--awb-spacing-left-medium:3.84%;--awb-width-small:100%;--awb-order-small:0;--awb-spacing-right-small:1.92%;--awb-spacing-left-small:1.92%;\"><span class=\"fusion-column-inner-bg hover-type-zoomin\"><span class=\"fusion-column-anchor\"><span class=\"fusion-column-inner-bg-image\"><\/span><\/span><\/span><div class=\"fusion-column-wrapper fusion-column-has-shadow fusion-flex-justify-content-flex-start fusion-content-layout-column\"><\/div><\/div><div class=\"fusion-layout-column fusion_builder_column fusion-builder-column-1 fusion_builder_column_3_5 3_5 fusion-flex-column fusion-flex-align-self-stretch\" style=\"--awb-padding-top:20px;--awb-padding-bottom:12px;--awb-overflow:hidden;--awb-bg-color:var(--awb-color1);--awb-bg-color-hover:var(--awb-color1);--awb-bg-size:cover;--awb-border-radius:12px 12px 12px 12px;--awb-width-large:60%;--awb-margin-top-large:0px;--awb-spacing-right-large:3.2%;--awb-margin-bottom-large:20px;--awb-spacing-left-large:3.2%;--awb-width-medium:75%;--awb-order-medium:0;--awb-spacing-right-medium:2.56%;--awb-spacing-left-medium:2.56%;--awb-width-small:100%;--awb-order-small:0;--awb-spacing-right-small:1.92%;--awb-spacing-left-small:1.92%;\"><div class=\"fusion-column-wrapper fusion-column-has-shadow fusion-flex-justify-content-center fusion-content-layout-column fusion-content-nowrap\"><div class=\"fusion-separator\" style=\"align-self: center;margin-left: auto;margin-right: auto;margin-bottom:20px;width:100%;max-width:100px;\"><div class=\"fusion-separator-border sep-single sep-solid\" style=\"--awb-height:20px;--awb-amount:20px;--awb-sep-color:#ffffff;border-color:red;border-top-width:3px;\"><\/div><\/div><div class=\"fusion-text fusion-text-1\"><p style=\"text-align: center;\">Our factory is located in Denizli, Turkey.<\/p>\n<p style=\"text-align: center;\">Mit einer Erfahrung in der Branche seit mehr als 20 Jahren; Frida Textile ist ein f\u00fchrender Anbieter einer breiten Palette von ma\u00dfgeschneiderten Kleidungsst\u00fccken und textilen Accessoires: <a href=\"https:\/\/fridatex.com\/de\/portfolio-items\/hemden\/\"><strong>T-Shirts<\/strong><\/a><strong>,\u00a0<\/strong><a href=\"https:\/\/fridatex.com\/de\/#\"><strong>Tanktops<\/strong><\/a><strong>,\u00a0<\/strong><a href=\"https:\/\/fridatex.com\/de\/portfolio-items\/polos\/\"><strong>Polo\u2019s<\/strong><\/a><strong>,\u00a0<\/strong><a href=\"https:\/\/fridatex.com\/de\/portfolio-items\/sweat\/\"><strong>Sweats<\/strong><\/a><strong>,\u00a0<\/strong><a href=\"https:\/\/fridatex.com\/de\/portfolio-items\/hemden\/\"><strong>Chemises<\/strong><\/a><strong>,\u00a0<\/strong><strong>Polars<\/strong><strong>,\u00a0<\/strong><a href=\"https:\/\/fridatex.com\/de\/portfolio-items\/jackets\/\"><strong>Jackets<\/strong><\/a><strong>,\u00a0<\/strong><a href=\"https:\/\/fridatex.com\/de\/#\"><strong>Softshells<\/strong><\/a><strong>,\u00a0<\/strong><a href=\"https:\/\/fridatex.com\/de\/portfolio-items\/bodywarmers\/\"><strong>Bodywarmer<\/strong><\/a><strong>,\u00a0<\/strong><a href=\"https:\/\/fridatex.com\/de\/#\"><strong>Pants\/Shorts<\/strong><\/a><strong>,\u00a0 \u00a0<\/strong><a href=\"https:\/\/fridatex.com\/de\/portfolio-items\/accessories\/\"><strong>Accessories,\u00a0<\/strong><\/a><a href=\"https:\/\/fridatex.com\/de\/portfolio-items\/accessories\/\"><strong>Baumwolltaschen, M\u00fctzen, Sch\u00fcrzen<\/strong><\/a><strong>,\u00a0<a href=\"https:\/\/fridatex.com\/de\/portfolio-items\/towels\/\">Handt\u00fccher<\/a>, etc\u2026<\/strong><\/p>\n<p style=\"text-align: center;\">Bei der Herstellung unserer Produkte respektieren wir voll und ganz die sozialen und ethischen Produktionsregeln und die \u00f6rtlichen Gesetze. Unsere Fabrik ist BSCI-gepr\u00fcft und alle unsere Produkte entsprechen den \u00d6ko-Tex-Standards.<\/p>\n<\/div><\/div><\/div><div class=\"fusion-layout-column fusion_builder_column fusion-builder-column-2 fusion_builder_column_1_1 1_1 fusion-flex-column\" style=\"--awb-bg-size:cover;--awb-width-large:100%;--awb-margin-top-large:0px;--awb-spacing-right-large:1.92%;--awb-margin-bottom-large:20px;--awb-spacing-left-large:1.92%;--awb-width-medium:100%;--awb-order-medium:0;--awb-spacing-right-medium:1.92%;--awb-spacing-left-medium:1.92%;--awb-width-small:100%;--awb-order-small:0;--awb-spacing-right-small:1.92%;--awb-spacing-left-small:1.92%;\"><div class=\"fusion-column-wrapper fusion-column-has-shadow fusion-flex-justify-content-flex-start fusion-content-layout-column\"><div style=\"text-align:center;\"><a class=\"fusion-button button-flat fusion-button-default-size button-custom fusion-button-default button-1 fusion-button-default-span fusion-button-default-type\" style=\"--button_accent_color:var(--awb-color1);--button_accent_hover_color:var(--awb-color1);--button_border_hover_color:var(--awb-color1);--button_gradient_top_color:red;--button_gradient_bottom_color:red;--button_gradient_top_color_hover:red;--button_gradient_bottom_color_hover:red;\" target=\"_self\" href=\"https:\/\/fridatex.com\/de\/\"><span class=\"fusion-button-text\">MEHR<\/span><\/a><\/div><\/div><\/div><div class=\"fusion-layout-column fusion_builder_column fusion-builder-column-3 fusion_builder_column_1_2 1_2 fusion-flex-column\" style=\"--awb-bg-size:cover;--awb-width-large:50%;--awb-margin-top-large:0px;--awb-spacing-right-large:3.84%;--awb-margin-bottom-large:20px;--awb-spacing-left-large:3.84%;--awb-width-medium:50%;--awb-order-medium:0;--awb-spacing-right-medium:3.84%;--awb-spacing-left-medium:3.84%;--awb-width-small:100%;--awb-order-small:0;--awb-spacing-right-small:1.92%;--awb-spacing-left-small:1.92%;\"><div class=\"fusion-column-wrapper fusion-column-has-shadow fusion-flex-justify-content-flex-start fusion-content-layout-column\"><div class=\"fusion-text fusion-text-2\"><h3 class=\"widget-title\" style=\"text-align: center;\"><span style=\"color: #ffffff;\">MOQ<\/span><\/h3>\n<\/div><div class=\"fusion-separator\" style=\"align-self: center;margin-left: auto;margin-right: auto;margin-bottom:20px;width:100%;max-width:100px;\"><div class=\"fusion-separator-border sep-single sep-solid\" style=\"--awb-height:20px;--awb-amount:20px;--awb-sep-color:#ffffff;border-color:red;border-top-width:3px;\"><\/div><\/div><div class=\"fusion-text fusion-text-3\"><div id=\"pgc-w5b75a04b1d7dd-0-0\" class=\"panel-grid-cell\">\n<div id=\"panel-w5b75a04b1d7dd-0-0-0\" class=\"so-panel widget widget_sow-editor panel-first-child panel-last-child\" data-index=\"0\">\n<div class=\"panel-widget-style panel-widget-style-for-w5b75a04b1d7dd-0-0-0\" data-title-color=\"#ffffff\" data-headings-color=\"#ffffff\">\n<div class=\"so-widget-sow-editor so-widget-sow-editor-base\">\n<h3 class=\"widget-title\" style=\"text-align: center;\"><\/h3>\n<div class=\"siteorigin-widget-tinymce textwidget\" style=\"text-align: center;\">\n<p><span style=\"color: #ffffff;\"><strong>Aktie<\/strong>\u00a0Farben und Stoffe ab 200 Stk<\/span><\/p>\n<p><span style=\"color: #ffffff;\"><strong>Pantone<\/strong>\u00a0Farben ab 300 Stk<\/span><\/p>\n<p><span style=\"color: #ffffff;\"><strong>Technisch<\/strong>\u00a0Stoffe aus variablem Minimum<\/span><\/p>\n<\/div>\n<\/div>\n<\/div>\n<\/div>\n<\/div>\n<div id=\"pgc-w5b75a04b1d7dd-0-1\" class=\"panel-grid-cell\">\n<div id=\"panel-w5b75a04b1d7dd-0-1-0\" class=\"so-panel widget widget_sow-editor panel-first-child panel-last-child\" data-index=\"1\">\n<div class=\"panel-widget-style panel-widget-style-for-w5b75a04b1d7dd-0-1-0\" data-title-color=\"#ffffff\" data-headings-color=\"#ffffff\">\n<div class=\"so-widget-sow-editor so-widget-sow-editor-base\">\n<div class=\"siteorigin-widget-tinymce textwidget\">\n<p style=\"text-align: center;\">\n<\/div>\n<\/div>\n<\/div>\n<\/div>\n<\/div>\n<\/div><\/div><\/div><div class=\"fusion-layout-column fusion_builder_column fusion-builder-column-4 fusion_builder_column_1_2 1_2 fusion-flex-column\" style=\"--awb-bg-size:cover;--awb-width-large:50%;--awb-margin-top-large:0px;--awb-spacing-right-large:3.84%;--awb-margin-bottom-large:20px;--awb-spacing-left-large:3.84%;--awb-width-medium:50%;--awb-order-medium:0;--awb-spacing-right-medium:3.84%;--awb-spacing-left-medium:3.84%;--awb-width-small:100%;--awb-order-small:0;--awb-spacing-right-small:1.92%;--awb-spacing-left-small:1.92%;\"><div class=\"fusion-column-wrapper fusion-column-has-shadow fusion-flex-justify-content-flex-start fusion-content-layout-column\"><div class=\"fusion-text fusion-text-4\"><h3 class=\"widget-title\" style=\"text-align: center;\"><span style=\"color: #ffffff;\">LIEFERZEITEN<\/span><\/h3>\n<\/div><div class=\"fusion-separator\" style=\"align-self: center;margin-left: auto;margin-right: auto;margin-bottom:20px;width:100%;max-width:100px;\"><div class=\"fusion-separator-border sep-single sep-solid\" style=\"--awb-height:20px;--awb-amount:20px;--awb-sep-color:#ffffff;border-color:red;border-top-width:3px;\"><\/div><\/div><div class=\"fusion-text fusion-text-5\"><p style=\"text-align: center;\"><span style=\"color: #ffffff;\">Probe:\u00a0<strong>7 days<\/strong><\/span><\/p>\n<p style=\"text-align: center;\"><span style=\"color: #ffffff;\">Produktion\u00a0<strong>4 weeks\u00a0<\/strong>auf Lager Stoffe \/\u00a0<strong>6-7 weeks\u00a0<\/strong>auf speziell hergestellten Stoffen<\/span><\/p>\n<p style=\"text-align: center;\"><span style=\"color: #ffffff;\">Transport: 10-15 Tage per LKW \/ 3 Tage per Flugzeug<\/span><\/p>\n<\/div><\/div><\/div><div class=\"fusion-layout-column fusion_builder_column fusion-builder-column-5 fusion_builder_column_3_5 3_5 fusion-flex-column fusion-flex-align-self-stretch\" style=\"--awb-padding-top:20px;--awb-padding-bottom:12px;--awb-overflow:hidden;--awb-bg-color:var(--awb-color1);--awb-bg-color-hover:var(--awb-color1);--awb-bg-size:cover;--awb-border-radius:12px 12px 12px 12px;--awb-width-large:60%;--awb-margin-top-large:0px;--awb-spacing-right-large:3.2%;--awb-margin-bottom-large:20px;--awb-spacing-left-large:3.2%;--awb-width-medium:75%;--awb-order-medium:0;--awb-spacing-right-medium:2.56%;--awb-spacing-left-medium:2.56%;--awb-width-small:100%;--awb-order-small:0;--awb-spacing-right-small:1.92%;--awb-spacing-left-small:1.92%;\"><div class=\"fusion-column-wrapper fusion-column-has-shadow fusion-flex-justify-content-center fusion-content-layout-column fusion-content-nowrap\"><div class=\"fusion-text fusion-text-6\"><p class=\"title\" style=\"text-align: center;\">F\u00fcr Preisanfrage, zus\u00e4tzliche Infos oder Machbarkeitsstudie<\/p>\n<\/div><div style=\"text-align:center;\"><a class=\"fusion-button button-flat fusion-button-default-size button-custom fusion-button-default button-2 fusion-button-default-span fusion-button-default-type\" style=\"--button_accent_color:var(--awb-color1);--button_accent_hover_color:var(--awb-color1);--button_border_hover_color:var(--awb-color1);--button_gradient_top_color:red;--button_gradient_bottom_color:red;--button_gradient_top_color_hover:red;--button_gradient_bottom_color_hover:red;\" target=\"_self\" href=\"https:\/\/fridatex.com\/de\/kontakt\/\"><span class=\"fusion-button-text\">KONTAKTIERE UNS<\/span><\/a><\/div><\/div><\/div><\/div><\/div>","protected":false},"excerpt":{"rendered":"","protected":false},"author":2,"featured_media":0,"parent":0,"menu_order":0,"comment_status":"closed","ping_status":"closed","template":"100-width.php","meta":{"footnotes":""},"class_list":["post-2182","page","type-page","status-publish","hentry"],"_links":{"self":[{"href":"https:\/\/fridatex.com\/de\/wp-json\/wp\/v2\/pages\/2182","targetHints":{"allow":["GET"]}}],"collection":[{"href":"https:\/\/fridatex.com\/de\/wp-json\/wp\/v2\/pages"}],"about":[{"href":"https:\/\/fridatex.com\/de\/wp-json\/wp\/v2\/types\/page"}],"author":[{"embeddable":true,"href":"https:\/\/fridatex.com\/de\/wp-json\/wp\/v2\/users\/2"}],"replies":[{"embeddable":true,"href":"https:\/\/fridatex.com\/de\/wp-json\/wp\/v2\/comments?post=2182"}],"version-history":[{"count":0,"href":"https:\/\/fridatex.com\/de\/wp-json\/wp\/v2\/pages\/2182\/revisions"}],"wp:attachment":[{"href":"https:\/\/fridatex.com\/de\/wp-json\/wp\/v2\/media?parent=2182"}],"curies":[{"name":"wp","href":"https:\/\/api.w.org\/{rel}","templated":true}]}}